{"id":50,"date":"2013-03-16T22:36:30","date_gmt":"2013-03-16T21:36:30","guid":{"rendered":"http:\/\/mb-stauffia.de\/cms\/?page_id=50"},"modified":"2026-04-01T23:43:48","modified_gmt":"2026-04-01T21:43:48","slug":"semesterprogramm","status":"publish","type":"page","link":"https:\/\/www.mb-stauffia.de\/?page_id=50","title":{"rendered":"SEMESTERPROGRAMM"},"content":{"rendered":"<p><center><iframe loading=\"lazy\" style=\"border-width: 0;\" src=\"https:\/\/www.google.com\/calendar\/embed?showTitle=0&amp;showCalendars=0&amp;showTz=0&amp;height=800&amp;wkst=2&amp;hl=de&amp;bgcolor=%23FFFFFF&amp;src=mb.stauffia%40googlemail.com&amp;color=%23182C57&amp;ctz=Europe%2FBerlin\" width=\"800\" height=\"600\" frameborder=\"0\" scrolling=\"no\"><\/iframe><\/center><center><\/center><center>&nbsp;<\/center><\/p>\n<p>Der &nbsp;Link (ICAL) dient dem Import in ein aktuelles Mailprogramm mit einem Kalender. Somit sind die Daten einfach vom Kalender auf ein Smartphone synchronisierbar.<br \/>\nDirektlink f\u00fcr den Offline-Import als ics Datei : <a style=\"color: #ff0000;\" href=\"https:\/\/www.mb-stauffia.de\/wp-content\/uploads\/2026\/02\/Stauffia_SS26_Semesterprogramm.ics\">Semesterprogramm ICS<\/a><\/p>\n<p>Hier findet man Anleitungen zum Import in:<br \/>\n<a href=\"http:\/\/blog.docx.org\/2009\/08\/19\/google-kalender-in-outlook-einbinden\/\">Outlook<\/a><br \/>\n<a href=\"https:\/\/www.schuetzenbruderschaft-buettgen.de\/service\/faq\/google-kalender-in-lotus-notes-85x-einbinden\">Lotus Notes<\/a><\/p>\n<p><center><\/center><center>Das&nbsp;<a style=\"color: #ff0000;\" href=\"https:\/\/www.mb-stauffia.de\/wp-content\/uploads\/2026\/02\/Sem-Prog_SS26.pdf\">Semesterprogramm<\/a> zum Download im PDF Format.<\/center><center><\/center><center><\/center><center><\/center><center><\/center><center><\/center><center><\/center><\/p>\n<p><strong>Erl\u00e4uterungen:<\/strong><br \/>\no: offiziell<br \/>\nho: hochoffiziell<br \/>\nKKO: Keine Kleiderordnung<br \/>\nBA: Burschenschaftlicher Abend<br \/>\nMDC: M\u00fcnchener Deputierten Convent<br \/>\n\u00d6B: \u00d6rtliche Burschenschaft M\u00fcnchen<br \/>\nVAB: Vereinigung Alter Burschenschafter<br \/>\nG: G\u00e4ste und Freunde Stauffiae sind herzlich eingeladen<br \/>\nD: Damen sind herzlich willkommen<br \/>\nadH: Auf dem Stauffenhaus<\/p>\n","protected":false},"excerpt":{"rendered":"<p>&nbsp; Der &nbsp;Link (ICAL) dient dem Import in ein aktuelles Mailprogramm mit einem Kalender. Somit sind die Daten einfach vom Kalender auf ein Smartphone synchronisierbar. Direktlink f\u00fcr den Offline-Import als ics Datei : Semesterprogramm ICS Hier findet man Anleitungen zum Import in: Outlook Lotus Notes Das&nbsp;Semesterprogramm zum Download im PDF Format. Erl\u00e4uterungen: o: offiziell ho: [&hellip;]<\/p>\n","protected":false},"author":2,"featured_media":0,"parent":0,"menu_order":4,"comment_status":"closed","ping_status":"closed","template":"custom-home\/\u00dcber Uns (Static).php","meta":{"footnotes":""},"class_list":["post-50","page","type-page","status-publish","hentry"],"_links":{"self":[{"href":"https:\/\/www.mb-stauffia.de\/index.php?rest_route=\/wp\/v2\/pages\/50","targetHints":{"allow":["GET"]}}],"collection":[{"href":"https:\/\/www.mb-stauffia.de\/index.php?rest_route=\/wp\/v2\/pages"}],"about":[{"href":"https:\/\/www.mb-stauffia.de\/index.php?rest_route=\/wp\/v2\/types\/page"}],"author":[{"embeddable":true,"href":"https:\/\/www.mb-stauffia.de\/index.php?rest_route=\/wp\/v2\/users\/2"}],"replies":[{"embeddable":true,"href":"https:\/\/www.mb-stauffia.de\/index.php?rest_route=%2Fwp%2Fv2%2Fcomments&post=50"}],"version-history":[{"count":88,"href":"https:\/\/www.mb-stauffia.de\/index.php?rest_route=\/wp\/v2\/pages\/50\/revisions"}],"predecessor-version":[{"id":1117,"href":"https:\/\/www.mb-stauffia.de\/index.php?rest_route=\/wp\/v2\/pages\/50\/revisions\/1117"}],"wp:attachment":[{"href":"https:\/\/www.mb-stauffia.de\/index.php?rest_route=%2Fwp%2Fv2%2Fmedia&parent=50"}],"curies":[{"name":"wp","href":"https:\/\/api.w.org\/{rel}","templated":true}]}}