{"id":338,"date":"2015-11-09T16:59:02","date_gmt":"2015-11-09T15:59:02","guid":{"rendered":"http:\/\/www.mb-stauffia.de\/?page_id=338"},"modified":"2025-10-21T16:06:49","modified_gmt":"2025-10-21T14:06:49","slug":"mitglied-werden","status":"publish","type":"page","link":"https:\/\/www.mb-stauffia.de\/?page_id=338","title":{"rendered":"MITGLIED WERDEN"},"content":{"rendered":"<p>Wir bieten seit \u00fcber 130 Jahren jungen Studenten eine Plattform, f\u00fcr akademische, generationen\u00fcbergreifende Kontakte und Freundschaften.<\/p>\n<p>Wir treffen uns auch lange nach unserer Aktivenzeit immer wieder zu Festen und Veranstaltungen in M\u00fcnchen sowie \u00fcberregional in Deutschland und der ganzen Welt.<\/p>\n<p>Die Kontakte zwischen Studenten und Alten Herren sorgen f\u00fcr immer neue Impulse \u00fcber die Generationen hinweg.<\/p>\n<p>Wir freuen uns \u00fcber jeden m\u00e4nnlichen deutschen Studenten, der bereit ist sich unserer Gemeinschaft anzuschlie\u00dfen und sie mit neuen Ideen zu beleben.<br \/>Voraussetzung daf\u00fcr ist das Studium an einer M\u00fcnchener Hochschule. Studenten, die f\u00fcr ein Fernstudium eingeschrieben sind und sich unserer Gemeinschaft anschlie\u00dfen wollen, m\u00fcssen ihren Lebensmittelpunkt in M\u00fcnchen haben.<\/p>\n<p>Nicht studierende Interessenten k\u00f6nnen unter bestimmten Voraussetzungen als Konkneipanten aufgenommen werden. Hierzu z\u00e4hlt ein unbescholtener Leumund, regelm\u00e4\u00dfiger Besuch von Veranstaltungen und aktives Einbringen in das Bundesleben. Konkneipanten tragen die M\u00fctze und anstelle des Bandes eine Schleife in den Bundesfarben am Revers.<\/p>\n<p>Bei Interesse k\u00f6nnen Sch\u00fcler den Status des Konkneipanten ebenfalls erlangen, wenn eine Einverst\u00e4ndniserkl\u00e4rung der Erziehungsberechtigten vorliegt. Dies kann als Vorbereitung f\u00fcr eine verk\u00fcrzte Fuchsenzeit dienen.<\/p>\n<p>Wenn wir Dein Interesse geweckt haben, dann scheue Dich nicht uns zu <a href=\"http:\/\/www.mb-stauffia.de\/?page_id=109\">kontaktieren<\/a>.<\/p>\n\n\n<p>&nbsp;<\/p>\n","protected":false},"excerpt":{"rendered":"<p>Wir bieten seit \u00fcber 130 Jahren jungen Studenten eine Plattform, f\u00fcr akademische, generationen\u00fcbergreifende Kontakte und Freundschaften. Wir treffen uns auch lange nach unserer Aktivenzeit immer wieder zu Festen und Veranstaltungen in M\u00fcnchen sowie \u00fcberregional in Deutschland und der ganzen Welt. Die Kontakte zwischen Studenten und Alten Herren sorgen f\u00fcr immer neue Impulse \u00fcber die Generationen [&hellip;]<\/p>\n","protected":false},"author":2,"featured_media":0,"parent":10,"menu_order":7,"comment_status":"closed","ping_status":"closed","template":"custom-home\/\u00dcber Uns (Static).php","meta":{"footnotes":""},"class_list":["post-338","page","type-page","status-publish","hentry"],"_links":{"self":[{"href":"https:\/\/www.mb-stauffia.de\/index.php?rest_route=\/wp\/v2\/pages\/338","targetHints":{"allow":["GET"]}}],"collection":[{"href":"https:\/\/www.mb-stauffia.de\/index.php?rest_route=\/wp\/v2\/pages"}],"about":[{"href":"https:\/\/www.mb-stauffia.de\/index.php?rest_route=\/wp\/v2\/types\/page"}],"author":[{"embeddable":true,"href":"https:\/\/www.mb-stauffia.de\/index.php?rest_route=\/wp\/v2\/users\/2"}],"replies":[{"embeddable":true,"href":"https:\/\/www.mb-stauffia.de\/index.php?rest_route=%2Fwp%2Fv2%2Fcomments&post=338"}],"version-history":[{"count":16,"href":"https:\/\/www.mb-stauffia.de\/index.php?rest_route=\/wp\/v2\/pages\/338\/revisions"}],"predecessor-version":[{"id":1102,"href":"https:\/\/www.mb-stauffia.de\/index.php?rest_route=\/wp\/v2\/pages\/338\/revisions\/1102"}],"up":[{"embeddable":true,"href":"https:\/\/www.mb-stauffia.de\/index.php?rest_route=\/wp\/v2\/pages\/10"}],"wp:attachment":[{"href":"https:\/\/www.mb-stauffia.de\/index.php?rest_route=%2Fwp%2Fv2%2Fmedia&parent=338"}],"curies":[{"name":"wp","href":"https:\/\/api.w.org\/{rel}","templated":true}]}}