{"id":336,"date":"2015-11-09T16:59:30","date_gmt":"2015-11-09T15:59:30","guid":{"rendered":"http:\/\/www.mb-stauffia.de\/?page_id=336"},"modified":"2025-10-14T05:00:59","modified_gmt":"2025-10-14T03:00:59","slug":"bekannte-burschenschafter","status":"publish","type":"page","link":"https:\/\/www.mb-stauffia.de\/?page_id=336","title":{"rendered":"BEKANNTE BURSCHENSCHAFTER"},"content":{"rendered":"<p><em><strong>Victor Adler<\/strong><\/em><br \/>\n1852 &#8211; 1918, braune Arminia-Wien 1870,<br \/>\nReichsratsabgeordneter, Staatssekret\u00e4r, Begr\u00fcnder der \u00d6sterreichischen Sozialdemokratie<\/p>\n<p><em><strong>Hermann Bahr<\/strong><\/em><br \/>\n1863 &#8211; 1934, Albia-Wien 1881,<br \/>\nSchriftsteller und Literaturkritiker<\/p>\n<p><em><strong>Carl Bosch<\/strong><\/em><br \/>\n1874 &#8211; 1940, Cimbria-Berlin 1894,<br \/>\nChemiker, Industrieller, Nobelpreis 1931<\/p>\n<p><em><strong>Georg B\u00fcchner<\/strong><\/em><br \/>\n1813 &#8211; 1837, Germania-Gie\u00dfen 1831,<br \/>\nDichter und Revolution\u00e4r, Privatdozent<\/p>\n<p><em><strong>Kurt Debus<\/strong><\/em><br \/>\n1908 &#8211; 1983, Rheno-Markomannia-Darmstadt 1930,<br \/>\nWeltraumforscher und Direktor der NASA<\/p>\n<p><em><strong>Rudolf Eucken<\/strong><\/em><br \/>\n1846 &#8211; 1926, Frisia-G\u00f6ttingen 1863,<br \/>\nProfessor, Philosoph, Nobelpreis 1908<\/p>\n<p><em><strong>Wilhelm Exner<\/strong><\/em><br \/>\n1840 &#8211; 1931, Olympia-Wien 1859,<br \/>\nTechnologe und Begr\u00fcnder des Technologischen Gewerbe Museums in Wien, Reichsratsabgeordneter und Herrenhausmitglied<\/p>\n<p><em><strong>Theodor Fliedner<\/strong><\/em><br \/>\n1800 &#8211; 1864, alte Germania-Gie\u00dfen 1818,<br \/>\nBegr\u00fcnder der weiblichen Diakonie in der evangelischen Kirche<\/p>\n<p><em><strong>Wilhelm Hauff<\/strong><\/em><br \/>\n1802 &#8211; 1827, Germania-T\u00fcbingen 1820,<br \/>\nDichter und Schriftsteller<\/p>\n<p><em><strong>Heinrich Heine<\/strong><\/em><br \/>\n1797 &#8211; 1856, alte Bonner und G\u00f6ttinger Burschenschaft 1819\/20,<br \/>\nDichter und Schriftsteller<\/p>\n<p><em><strong>Georg Herwegh<\/strong><\/em><br \/>\n1817 &#8211; 1875, \u201eDie Patrioten\u201c-T\u00fcbingen 1835,<br \/>\nDichter und Revolution\u00e4r<\/p>\n<p><em><strong>Theodor Herzl<\/strong><\/em><br \/>\n1860 &#8211; 1904, Albia-Wien 1880,<br \/>\nJournalist, Schriftsteller, Begr\u00fcnder des politischen Zionismus<\/p>\n<p><em><strong>Heinrich Hertz<\/strong><\/em><br \/>\n1857 &#8211; 1894, Cheruscia-Dresden 1875,<br \/>\nPhysiker (\u201eHertz\u2019sche Wellen\u201c)<\/p>\n<p><em><strong>Peter Kaiser<\/strong><\/em><br \/>\n1793 &#8211; 1864, alte Freiburger Burschenschaft 1818,<br \/>\nJugenderzieher und Historiker, Liechtensteinischer Abgeordneter<br \/>\nZur Frankfurter Nationalversammlung<\/p>\n<p><em><strong>Reiner Klimke<\/strong><\/em><br \/>\n1936 &#8211; 1999, Pfl\u00fcger-Halle zu M\u00fcnster 1954,<br \/>\nDressurreiter, Weltmeister und Olympiasieger<\/p>\n<p><em><strong>Thomas Koschat<\/strong><\/em><br \/>\n1845 &#8211; 1914, Alemannia-Wien 1865,<br \/>\nK\u00e4rntner Tondichter<\/p>\n<p><em><strong>Justus Freiherr von Liebig<\/strong><\/em><br \/>\n1803 &#8211; 1873, alte Bonner und Erlanger Burschenschaft 1820\/22,<br \/>\nProfessor, Chemiker<\/p>\n<p><em><strong>Ferdinand Lassalle<\/strong><\/em><br \/>\n1825 &#8211; 1864, B.d. Raczeks-Breslau 1843,<br \/>\nPolitiker und Gr\u00fcnder des Allgemeinen Deutschen Arbeitervereines <em>(Vorg\u00e4nger der SPD)<\/em><\/p>\n<p><em><strong>Nikolaus Lenau<\/strong><\/em>\u00a0(Niembsch Edler von Strehlenau)<br \/>\n1802 &#8211; 1850, alte Franconia-Heidelberg 1831,<br \/>\nDichter<\/p>\n<p><strong>Otto Loewi<\/strong><br \/>\n1873 &#8211; 1961, Germania-Stra\u00dfburg 1892,<br \/>\nProfessor, Physiologe, Nobelpreis 1936<\/p>\n<p><em><strong>Theodor Mommsen<\/strong><\/em><br \/>\n1817 &#8211; 1903, Albertina-Kiel 1835,<br \/>\nProfessor, Arch\u00e4ologe und Historiker, M.d.R., Nobelpreis 1902<\/p>\n<p><em><strong>Fritz Reuter<\/strong><\/em><br \/>\n1810 &#8211; 1874, Germania-Jena 1832,<br \/>\nplattdeutscher Dichter und Humorist<\/p>\n<p><em><strong>Franz Schubert<\/strong><\/em><br \/>\n1797 &#8211; 1828, Burschenschaftlicher Kreis \u2013 Wien 1819,<br \/>\nKomponist und Sch\u00f6pfer des deutschen Kunstliedes<\/p>\n<p><em><strong>Hermann Schulze-Delitzsch<\/strong><\/em><br \/>\n1808 &#8211; 1883, alte Leipziger Burschenschaft 1827,<br \/>\nVolkswirt, M.d.R., Sch\u00f6pfer der deutschen Erwerbs- und Wirtschaftsgenossenschaften<\/p>\n<p><em><strong>Robert Schumann<\/strong><\/em><br \/>\n1810 &#8211; 1856, alte Leipziger Burschenschaft 1828,<br \/>\nKomponist und Musikschriftsteller<\/p>\n<p><strong><em>Carl Schurz<\/em><\/strong><br \/>\n1829 &#8211; 1906, Frankonia-Bonn 1847,<br \/>\ndeutscher Freiheitsk\u00e4mpfer, amerikanischer Innenminister<\/p>\n<p><em><strong>Gustav Stresemann<\/strong><\/em><br \/>\n1878 &#8211; 1929, Neogermania-Berlin 1896, Suevia-Leipzig 1898,<br \/>\nReichskanzler, Au\u00dfenminister, Friedensnobelpreis 1926<\/p>\n<p><em><strong>Ferdinand Porsche<\/strong><\/em><br \/>\n1875 &#8211; 1951, Bruna-Sudetia-Wien 1938,<br \/>\nAutokonstrukteur, Industrieller<\/p>\n<p><em><strong>Ludwig Uhland<\/strong><\/em><br \/>\n1787 &#8211; 1862, Germania-T\u00fcbingen 1862,<br \/>\nDichter und Germanist, Abgeordneter zur Frankfurter Nationalversammlung<\/p>\n<p><em><strong>Emil Welti<\/strong><\/em><br \/>\n1825 &#8211; 1899, Burgkeller-Jena 1844,<br \/>\nSchweizer Bundespr\u00e4sident<\/p>\n<p><em>Quelle: <a href=\"https:\/\/www.winter-verlag.de\/de\/detail\/c690\/Biographisches_Lexikon_der_Deutschen_Burschenschaft\/\" target=\"_blank\" rel=\"noopener noreferrer\">Biographisches Lexion der Deutschen Burschenschaft<\/a><\/em><\/p>\n","protected":false},"excerpt":{"rendered":"<p>Victor Adler 1852 &#8211; 1918, braune Arminia-Wien 1870, Reichsratsabgeordneter, Staatssekret\u00e4r, Begr\u00fcnder der \u00d6sterreichischen Sozialdemokratie Hermann Bahr 1863 &#8211; 1934, Albia-Wien 1881, Schriftsteller und Literaturkritiker Carl Bosch 1874 &#8211; 1940, Cimbria-Berlin 1894, Chemiker, Industrieller, Nobelpreis 1931 Georg B\u00fcchner 1813 &#8211; 1837, Germania-Gie\u00dfen 1831, Dichter und Revolution\u00e4r, Privatdozent Kurt Debus 1908 &#8211; 1983, Rheno-Markomannia-Darmstadt 1930, Weltraumforscher und [&hellip;]<\/p>\n","protected":false},"author":2,"featured_media":0,"parent":10,"menu_order":8,"comment_status":"closed","ping_status":"closed","template":"custom-home\/\u00dcber Uns (Static).php","meta":{"footnotes":""},"class_list":["post-336","page","type-page","status-publish","hentry"],"_links":{"self":[{"href":"https:\/\/www.mb-stauffia.de\/index.php?rest_route=\/wp\/v2\/pages\/336","targetHints":{"allow":["GET"]}}],"collection":[{"href":"https:\/\/www.mb-stauffia.de\/index.php?rest_route=\/wp\/v2\/pages"}],"about":[{"href":"https:\/\/www.mb-stauffia.de\/index.php?rest_route=\/wp\/v2\/types\/page"}],"author":[{"embeddable":true,"href":"https:\/\/www.mb-stauffia.de\/index.php?rest_route=\/wp\/v2\/users\/2"}],"replies":[{"embeddable":true,"href":"https:\/\/www.mb-stauffia.de\/index.php?rest_route=%2Fwp%2Fv2%2Fcomments&post=336"}],"version-history":[{"count":10,"href":"https:\/\/www.mb-stauffia.de\/index.php?rest_route=\/wp\/v2\/pages\/336\/revisions"}],"predecessor-version":[{"id":1083,"href":"https:\/\/www.mb-stauffia.de\/index.php?rest_route=\/wp\/v2\/pages\/336\/revisions\/1083"}],"up":[{"embeddable":true,"href":"https:\/\/www.mb-stauffia.de\/index.php?rest_route=\/wp\/v2\/pages\/10"}],"wp:attachment":[{"href":"https:\/\/www.mb-stauffia.de\/index.php?rest_route=%2Fwp%2Fv2%2Fmedia&parent=336"}],"curies":[{"name":"wp","href":"https:\/\/api.w.org\/{rel}","templated":true}]}}