{"id":221,"date":"2014-11-15T18:33:10","date_gmt":"2014-11-15T17:33:10","guid":{"rendered":"http:\/\/www.mb-stauffia.de\/?page_id=221"},"modified":"2025-10-14T05:17:15","modified_gmt":"2025-10-14T03:17:15","slug":"unser-haus","status":"publish","type":"page","link":"https:\/\/www.mb-stauffia.de\/?page_id=221","title":{"rendered":"UNSER HAUS"},"content":{"rendered":"<p>Das Verbindungshaus der Burschenschaft Stauffia liegt mitten im Zentrum der historischen Altstadt M\u00fcnchens in der Stollbergstra\u00dfe 16, nahe der Maximiliansstra\u00dfe.<\/p>\n<p>Wir sind ideal an die \u00f6ffentlichen Verkehrsmittel angebunden\u00a0(<a style=\"color: #ff0000;\" title=\"KONTAKT\" href=\"http:\/\/www.mb-stauffia.de\/?page_id=109\">U-Bahn, S-Bahn, Tram<\/a>).<\/p>\n<p>Unsere Veranstaltungen finden meist in den R\u00e4umlichkeiten unseres sch\u00f6nen Verbindungshauses statt.<\/p>\n<p>F\u00fcr die Hausbewohner stehen in den oberen beiden Etagen Zimmer zur Verf\u00fcgung.<\/p>\n<p>Rundgang:<\/p>\n\n\t\t<style type=\"text\/css\">\n\t\t\t#gallery-1 {\n\t\t\t\tmargin: auto;\n\t\t\t}\n\t\t\t#gallery-1 .gallery-item {\n\t\t\t\tfloat: left;\n\t\t\t\tmargin-top: 10px;\n\t\t\t\ttext-align: center;\n\t\t\t\twidth: 100%;\n\t\t\t}\n\t\t\t#gallery-1 img {\n\t\t\t\tborder: 2px solid #cfcfcf;\n\t\t\t}\n\t\t\t#gallery-1 .gallery-caption {\n\t\t\t\tmargin-left: 0;\n\t\t\t}\n\t\t\t\/* see gallery_shortcode() in wp-includes\/media.php *\/\n\t\t<\/style>\n\t\t<div id='gallery-1' class='gallery galleryid-221 gallery-columns-1 gallery-size-thumbnail'><dl class='gallery-item'>\n\t\t\t<dt class='gallery-icon portrait'>\n\t\t\t\t<img loading=\"lazy\" decoding=\"async\" width=\"150\" height=\"150\" src=\"https:\/\/www.mb-stauffia.de\/wp-content\/uploads\/2019\/02\/20190222_175300-150x150.jpg\" class=\"attachment-thumbnail size-thumbnail\" alt=\"\" aria-describedby=\"gallery-1-500\" \/>\n\t\t\t<\/dt>\n\t\t\t\t<dd class='wp-caption-text gallery-caption' id='gallery-1-500'>\n\t\t\t\tStauffenhaus\n\t\t\t\t<\/dd><\/dl><br style=\"clear: both\" \/><dl class='gallery-item'>\n\t\t\t<dt class='gallery-icon portrait'>\n\t\t\t\t<img loading=\"lazy\" decoding=\"async\" width=\"150\" height=\"150\" src=\"https:\/\/www.mb-stauffia.de\/wp-content\/uploads\/2014\/05\/Eingang-150x150.jpg\" class=\"attachment-thumbnail size-thumbnail\" alt=\"\" aria-describedby=\"gallery-1-226\" \/>\n\t\t\t<\/dt>\n\t\t\t\t<dd class='wp-caption-text gallery-caption' id='gallery-1-226'>\n\t\t\t\tEingangsbereich mit Ehrentafeln der Burschenschaft Stauffia\n\t\t\t\t<\/dd><\/dl><br style=\"clear: both\" \/><dl class='gallery-item'>\n\t\t\t<dt class='gallery-icon landscape'>\n\t\t\t\t<img loading=\"lazy\" decoding=\"async\" width=\"150\" height=\"150\" src=\"https:\/\/www.mb-stauffia.de\/wp-content\/uploads\/2014\/05\/Foyer-150x150.jpg\" class=\"attachment-thumbnail size-thumbnail\" alt=\"\" aria-describedby=\"gallery-1-227\" \/>\n\t\t\t<\/dt>\n\t\t\t\t<dd class='wp-caption-text gallery-caption' id='gallery-1-227'>\n\t\t\t\tFoyer mit Treppenaufgang zum Thekenraum\n\t\t\t\t<\/dd><\/dl><br style=\"clear: both\" \/><dl class='gallery-item'>\n\t\t\t<dt class='gallery-icon portrait'>\n\t\t\t\t<img loading=\"lazy\" decoding=\"async\" width=\"150\" height=\"150\" src=\"https:\/\/www.mb-stauffia.de\/wp-content\/uploads\/2014\/05\/Prunkfahne-150x150.jpg\" class=\"attachment-thumbnail size-thumbnail\" alt=\"\" aria-describedby=\"gallery-1-232\" \/>\n\t\t\t<\/dt>\n\t\t\t\t<dd class='wp-caption-text gallery-caption' id='gallery-1-232'>\n\t\t\t\tPrunkfahne der Burschenschaft Stauffia\n\t\t\t\t<\/dd><\/dl><br style=\"clear: both\" \/><dl class='gallery-item'>\n\t\t\t<dt class='gallery-icon landscape'>\n\t\t\t\t<img loading=\"lazy\" decoding=\"async\" width=\"150\" height=\"150\" src=\"https:\/\/www.mb-stauffia.de\/wp-content\/uploads\/2019\/02\/20180803_122840-150x150.jpg\" class=\"attachment-thumbnail size-thumbnail\" alt=\"\" aria-describedby=\"gallery-1-596\" \/>\n\t\t\t<\/dt>\n\t\t\t\t<dd class='wp-caption-text gallery-caption' id='gallery-1-596'>\n\t\t\t\tGemeinschaftsraum\/Bibliothek\n\t\t\t\t<\/dd><\/dl><br style=\"clear: both\" \/><dl class='gallery-item'>\n\t\t\t<dt class='gallery-icon landscape'>\n\t\t\t\t<img loading=\"lazy\" decoding=\"async\" width=\"150\" height=\"150\" src=\"https:\/\/www.mb-stauffia.de\/wp-content\/uploads\/2014\/05\/Archiv-150x150.jpg\" class=\"attachment-thumbnail size-thumbnail\" alt=\"\" aria-describedby=\"gallery-1-224\" \/>\n\t\t\t<\/dt>\n\t\t\t\t<dd class='wp-caption-text gallery-caption' id='gallery-1-224'>\n\t\t\t\tBibliothek und Archiv mit Couleurgegest\u00e4nden ehemaliger Mitglieder der Burschenschaft Stauffia\n\t\t\t\t<\/dd><\/dl><br style=\"clear: both\" \/><dl class='gallery-item'>\n\t\t\t<dt class='gallery-icon portrait'>\n\t\t\t\t<img loading=\"lazy\" decoding=\"async\" width=\"150\" height=\"150\" src=\"https:\/\/www.mb-stauffia.de\/wp-content\/uploads\/2014\/05\/KleineKneipe-150x150.jpg\" class=\"attachment-thumbnail size-thumbnail\" alt=\"\" aria-describedby=\"gallery-1-229\" \/>\n\t\t\t<\/dt>\n\t\t\t\t<dd class='wp-caption-text gallery-caption' id='gallery-1-229'>\n\t\t\t\tKleiner Kneipsaal mit Ahnengalerie der Burschenschaft Stauffia\n\t\t\t\t<\/dd><\/dl><br style=\"clear: both\" \/><dl class='gallery-item'>\n\t\t\t<dt class='gallery-icon landscape'>\n\t\t\t\t<img loading=\"lazy\" decoding=\"async\" width=\"150\" height=\"150\" src=\"https:\/\/www.mb-stauffia.de\/wp-content\/uploads\/2014\/05\/Ahnengalerie-150x150.jpg\" class=\"attachment-thumbnail size-thumbnail\" alt=\"\" aria-describedby=\"gallery-1-223\" \/>\n\t\t\t<\/dt>\n\t\t\t\t<dd class='wp-caption-text gallery-caption' id='gallery-1-223'>\n\t\t\t\tBildergalerie der Bundesbr\u00fcder der Burschenschaft Stauffia aus verschiedensten Fakul\u00e4ten, darunter u. a. ein ehemaliger Pr\u00e4sident der tech. Universit\u00e4t M\u00fcnchen, Minister, hohe Offiziere, \u00c4rtze, Juristen und Geisteswissenschaftler\n\t\t\t\t<\/dd><\/dl><br style=\"clear: both\" \/><dl class='gallery-item'>\n\t\t\t<dt class='gallery-icon portrait'>\n\t\t\t\t<img loading=\"lazy\" decoding=\"async\" width=\"150\" height=\"150\" src=\"https:\/\/www.mb-stauffia.de\/wp-content\/uploads\/2014\/05\/Couleurkarten-150x150.jpg\" class=\"attachment-thumbnail size-thumbnail\" alt=\"\" aria-describedby=\"gallery-1-225\" \/>\n\t\t\t<\/dt>\n\t\t\t\t<dd class='wp-caption-text gallery-caption' id='gallery-1-225'>\n\t\t\t\tVollwappen und Fahne mit den Farben der Burschenschaft Stauffia. Darunter Couleurkarten befreundeter Verbindungen.\n\t\t\t\t<\/dd><\/dl><br style=\"clear: both\" \/><dl class='gallery-item'>\n\t\t\t<dt class='gallery-icon landscape'>\n\t\t\t\t<img loading=\"lazy\" decoding=\"async\" width=\"150\" height=\"150\" src=\"https:\/\/www.mb-stauffia.de\/wp-content\/uploads\/2014\/05\/Thekenraum-150x150.jpg\" class=\"attachment-thumbnail size-thumbnail\" alt=\"\" aria-describedby=\"gallery-1-234\" \/>\n\t\t\t<\/dt>\n\t\t\t\t<dd class='wp-caption-text gallery-caption' id='gallery-1-234'>\n\t\t\t\tThekenraum mit Wappenkr\u00fcgen der Burschenschaft Stauffia. Durchgang zum gro\u00dfen Kneipsaal\n\t\t\t\t<\/dd><\/dl><br style=\"clear: both\" \/><dl class='gallery-item'>\n\t\t\t<dt class='gallery-icon landscape'>\n\t\t\t\t<img loading=\"lazy\" decoding=\"async\" width=\"150\" height=\"150\" src=\"https:\/\/www.mb-stauffia.de\/wp-content\/uploads\/2019\/02\/20180725_165557-150x150.jpg\" class=\"attachment-thumbnail size-thumbnail\" alt=\"\" aria-describedby=\"gallery-1-594\" \/>\n\t\t\t<\/dt>\n\t\t\t\t<dd class='wp-caption-text gallery-caption' id='gallery-1-594'>\n\t\t\t\tKneipsaal\n\t\t\t\t<\/dd><\/dl><br style=\"clear: both\" \/><dl class='gallery-item'>\n\t\t\t<dt class='gallery-icon landscape'>\n\t\t\t\t<img loading=\"lazy\" decoding=\"async\" width=\"150\" height=\"150\" src=\"https:\/\/www.mb-stauffia.de\/wp-content\/uploads\/2014\/05\/Kneipsaal-150x150.jpg\" class=\"attachment-thumbnail size-thumbnail\" alt=\"\" aria-describedby=\"gallery-1-230\" \/>\n\t\t\t<\/dt>\n\t\t\t\t<dd class='wp-caption-text gallery-caption' id='gallery-1-230'>\n\t\t\t\tGro\u00dfer holzvert\u00e4felter Kneipsaal u.a.  mit Portr\u00e4t des Kurf\u00fcrsten Max-Emanuel von Bayern \n\t\t\t\t<\/dd><\/dl><br style=\"clear: both\" \/><dl class='gallery-item'>\n\t\t\t<dt class='gallery-icon landscape'>\n\t\t\t\t<img loading=\"lazy\" decoding=\"async\" width=\"150\" height=\"150\" src=\"https:\/\/www.mb-stauffia.de\/wp-content\/uploads\/2014\/05\/Huldigung-150x150.jpg\" class=\"attachment-thumbnail size-thumbnail\" alt=\"\" aria-describedby=\"gallery-1-228\" \/>\n\t\t\t<\/dt>\n\t\t\t\t<dd class='wp-caption-text gallery-caption' id='gallery-1-228'>\n\t\t\t\tGro\u00dfformatiges \u00d6lgem\u00e4lde im gro\u00dfen Kneipsaal : &#8222;Huldigung an das M\u00fcnchener Kindl&#8220; &#8211; Im Vordergrund ein Chargierter der M\u00fcnchener Burschenschaft Stauffia in Gemeinschaft mit Abordnungen renomierter M\u00fcnchener Corps\n\t\t\t\t<\/dd><\/dl><br style=\"clear: both\" \/><dl class='gallery-item'>\n\t\t\t<dt class='gallery-icon portrait'>\n\t\t\t\t<img loading=\"lazy\" decoding=\"async\" width=\"150\" height=\"150\" src=\"https:\/\/www.mb-stauffia.de\/wp-content\/uploads\/2014\/05\/Ritter-Stuhl-150x150.jpg\" class=\"attachment-thumbnail size-thumbnail\" alt=\"\" aria-describedby=\"gallery-1-233\" \/>\n\t\t\t<\/dt>\n\t\t\t\t<dd class='wp-caption-text gallery-caption' id='gallery-1-233'>\n\t\t\t\tSprecherstuhl der Burschenschaft Stauffia mit holzgeschnitzem Wappen von 1899. Dahinter 2 Ritter als Wappenschildhalter.\n\t\t\t\t<\/dd><\/dl><br style=\"clear: both\" \/><dl class='gallery-item'>\n\t\t\t<dt class='gallery-icon landscape'>\n\t\t\t\t<img loading=\"lazy\" decoding=\"async\" width=\"150\" height=\"150\" src=\"https:\/\/www.mb-stauffia.de\/wp-content\/uploads\/2014\/05\/Pauksaal-150x150.jpg\" class=\"attachment-thumbnail size-thumbnail\" alt=\"\" aria-describedby=\"gallery-1-231\" \/>\n\t\t\t<\/dt>\n\t\t\t\t<dd class='wp-caption-text gallery-caption' id='gallery-1-231'>\n\t\t\t\tPauksaal mit Paukschl\u00e4ger und Schutzbekleidung. Die M\u00fcnchener Burschenschaft Stauffia stellt Ihren Bundesbr\u00fcdern das Fechten von scharfen Partien frei.\n\t\t\t\t<\/dd><\/dl><br style=\"clear: both\" \/>\n\t\t<\/div>\n\n","protected":false},"excerpt":{"rendered":"<p>Das Verbindungshaus der Burschenschaft Stauffia liegt mitten im Zentrum der historischen Altstadt M\u00fcnchens in der Stollbergstra\u00dfe 16, nahe der Maximiliansstra\u00dfe. Wir sind ideal an die \u00f6ffentlichen Verkehrsmittel angebunden\u00a0(U-Bahn, S-Bahn, Tram). Unsere Veranstaltungen finden meist in den R\u00e4umlichkeiten unseres sch\u00f6nen Verbindungshauses statt. F\u00fcr die Hausbewohner stehen in den oberen beiden Etagen Zimmer zur Verf\u00fcgung. Rundgang:<\/p>\n","protected":false},"author":2,"featured_media":0,"parent":10,"menu_order":3,"comment_status":"closed","ping_status":"closed","template":"custom-home\/\u00dcber Uns (Static).php","meta":{"footnotes":""},"class_list":["post-221","page","type-page","status-publish","hentry"],"_links":{"self":[{"href":"https:\/\/www.mb-stauffia.de\/index.php?rest_route=\/wp\/v2\/pages\/221","targetHints":{"allow":["GET"]}}],"collection":[{"href":"https:\/\/www.mb-stauffia.de\/index.php?rest_route=\/wp\/v2\/pages"}],"about":[{"href":"https:\/\/www.mb-stauffia.de\/index.php?rest_route=\/wp\/v2\/types\/page"}],"author":[{"embeddable":true,"href":"https:\/\/www.mb-stauffia.de\/index.php?rest_route=\/wp\/v2\/users\/2"}],"replies":[{"embeddable":true,"href":"https:\/\/www.mb-stauffia.de\/index.php?rest_route=%2Fwp%2Fv2%2Fcomments&post=221"}],"version-history":[{"count":23,"href":"https:\/\/www.mb-stauffia.de\/index.php?rest_route=\/wp\/v2\/pages\/221\/revisions"}],"predecessor-version":[{"id":1078,"href":"https:\/\/www.mb-stauffia.de\/index.php?rest_route=\/wp\/v2\/pages\/221\/revisions\/1078"}],"up":[{"embeddable":true,"href":"https:\/\/www.mb-stauffia.de\/index.php?rest_route=\/wp\/v2\/pages\/10"}],"wp:attachment":[{"href":"https:\/\/www.mb-stauffia.de\/index.php?rest_route=%2Fwp%2Fv2%2Fmedia&parent=221"}],"curies":[{"name":"wp","href":"https:\/\/api.w.org\/{rel}","templated":true}]}}