{"id":14,"date":"2013-03-16T15:46:52","date_gmt":"2013-03-16T14:46:52","guid":{"rendered":"http:\/\/mb-stauffia.de\/cms\/?page_id=14"},"modified":"2025-10-14T05:18:27","modified_gmt":"2025-10-14T03:18:27","slug":"faq","status":"publish","type":"page","link":"https:\/\/www.mb-stauffia.de\/?page_id=14","title":{"rendered":"FAQ"},"content":{"rendered":"<p style=\"text-align: center;\"><strong>Wer sind wir? Wo stehen wir?<\/strong><\/p>\n<p style=\"text-align: justify;\">Wir sind eine studentische Burschenschaft in M\u00fcnchen.<\/p>\n<p style=\"text-align: justify;\">Gegr\u00fcndet 1893 an der TU M\u00fcnchen, sind wir hervorgegangen aus der studentischen Freiheitsbewegung des fr\u00fchen 19. Jahrhunderts. Daher bekennen wir uns zu den Idealen der demokratischen Freiheiten, wie sie heute in der Verfassung der Bundesrepublik Deutschland niedergeschrieben sind und f\u00fcr deren Verwirklichung sich unsere Vorfahren mit Leib und Leben eingesetzt haben.<\/p>\n<p style=\"text-align: justify;\">Wir sind eine liberal-konservative Verbindung und bekennen uns zum Patriotismus. Entsprechend lassen wir uns von unserem Wahlspruch leiten:<\/p>\n<p style=\"text-align: center;\"><strong>Ehre &#8211; Freiheit &#8211; Vaterland<\/strong><\/p>\n<p style=\"text-align: justify;\">Andererseits fordern wir die Gestaltung einer modernen Zukunft, sowohl in beruflicher, gesellschaftlicher wie auch politischer Hinsicht.<\/p>\n<p style=\"text-align: justify;\">Wir glauben, dass das Spannungsverh\u00e4ltnis von Tradition und Moderne, von Vergangenheit und Zukunft, von Freiheit und Ordnung erlebt und gestaltet werden will, um die Weiterentwicklung des Einzelnen und der Gesellschaft zu einem guten Gemeinwohl zu erm\u00f6glichen. Daher wollen wir unter Achtung dessen, was uns \u00fcberliefert ist, nach vorne blicken und unsere Zukunft mitgestalten.<\/p>\n<div id=\"attachment_308\" style=\"width: 220px\" class=\"wp-caption alignleft\"><a href=\"http:\/\/www.mb-stauffia.de\/wp-content\/uploads\/2014\/11\/P1650710.jpg\"><img loading=\"lazy\" decoding=\"async\" aria-describedby=\"caption-attachment-308\" src=\"http:\/\/www.mb-stauffia.de\/wp-content\/uploads\/2014\/11\/P1650710-500x375.jpg\" alt=\"Korbschl\u00e4ger mit den Stauffenfarben\" width=\"210\" height=\"158\" \/><\/a><p id=\"caption-attachment-308\" class=\"wp-caption-text\">Korbschl\u00e4ger mit den Stauffenfarben<\/p><\/div>\n<p style=\"text-align: justify;\">Wir tragen Farben, d.h. Band und M\u00fctze, und feiern im Semester zwei bis vier traditionelle Kneipen; dabei singen wir unter Klavierbegleitung klassische Korporationslieder.<\/p>\n<p style=\"text-align: justify;\">Wir schlagen Schl\u00e4gerpartien auf Basis einer Bestimmungsmensur, aber auf freiwilliger, sog. fakultativer Basis. Wir stellen also die Entscheidung, ob der Student fechten will oder nicht, v\u00f6llig in das Ermessen eines jeden Einzelnen.<\/p>\n<p style=\"text-align: justify;\">Wir sind ein Freundschaftsbund f\u00fcr das ganze Leben. Wir pflegen Geselligkeit, Tanzveranstaltungen, B\u00e4lle, Sport, Wanderungen. Damen sind auf vielen unserer <span style=\"color: #3366ff;\"><a style=\"background-color: #ffffff; color: #3366ff;\" title=\"SEMESTERPROGRAMM\" href=\"http:\/\/www.mb-stauffia.de\/?page_id=50\">Veranstaltungen<\/a><\/span> herzlich willkommen.<\/p>\n<p style=\"text-align: center;\"><strong>Wo wohnen wir? Was wollen wir?<\/strong><\/p>\n<p style=\"text-align: justify;\">Wir wollen unser Studium in einer Gemeinschaft von gleichgesinnten Studenten verbringen, die neben harter Arbeit auch dem Frohsinn den n\u00f6tigen Tribut zollen.<\/p>\n<p style=\"text-align: justify;\">Wir unterst\u00fctzen staatspolitische Gesinnung, d.h. wir fordern Eintreten f\u00fcr das Wohl unseres deutschen Vaterlandes, unserer Gesellschaft und f\u00fcr eine gedeihliche Weiterentwicklung des europ\u00e4ischen Gedankens. Jegliches radikale Gedankengut lehnen wir kategorisch ab.<\/p>\n<p><img loading=\"lazy\" decoding=\"async\" src=\"https:\/\/www.mb-stauffia.de\/wp-content\/uploads\/2019\/02\/20190222_175300-375x500.jpg\" alt=\"\" width=\"304\" height=\"406\" \/><\/p>\n<p style=\"text-align: justify;\">Auf unserem Verbindungshaus k\u00f6nnen wir Studentenzimmer preiswert anbieten. Hier kann man f\u00fcr ein oder mehrere Semester auf dem Haus wohnen und in der Gemeinschaft leben.<\/p>\n<p style=\"text-align: justify;\">Mit unserem Semesterprogramm laden wir alle interessierten Studenten der M\u00fcnchner Universit\u00e4ten und Fachhochschulen zu unseren Veranstaltungen ein.<\/p>\n<p style=\"text-align: justify;\">Kommt zu uns! Nehmt einfach mal <span style=\"color: #3366ff;\"><a style=\"color: #3366ff;\" title=\"KONTAKT\" href=\"http:\/\/www.mb-stauffia.de\/?page_id=109\">Kontakt<\/a><\/span> mit uns auf &#8211; Ihr werdet es nicht bereuen.<\/p>\n<p style=\"text-align: justify;\"><a title=\"KONTAKT\" href=\"http:\/\/www.mb-stauffia.de\/?page_id=109\">Ruft uns<\/a> an oder meldet Euch <a title=\"KONTAKT\" href=\"http:\/\/www.mb-stauffia.de\/?page_id=109\">per <span style=\"color: #3366ff;\">Mail<span style=\"color: #000000;\">!<\/span><\/span><\/a>\u00a0Wir sollten uns kennenlernen.<\/p>\n<p>Mit unserem Semesterprogramm laden wir alle interessierten Studenten der M\u00fcnchner Universit\u00e4ten und Fachhochschulen zu unseren\u00a0<a title=\"SEMESTERPROGRAMM\" href=\"http:\/\/www.mb-stauffia.de\/?page_id=50\">Veranstaltungen<\/a> ein.<\/p>\n<div id=\"attachment_333\" style=\"width: 228px\" class=\"wp-caption aligncenter\"><a href=\"http:\/\/www.mb-stauffia.de\/wp-content\/uploads\/2014\/11\/Couleurkarte2.gif\"><img loading=\"lazy\" decoding=\"async\" aria-describedby=\"caption-attachment-333\" src=\"http:\/\/www.mb-stauffia.de\/wp-content\/uploads\/2014\/11\/Couleurkarte2-321x500.gif\" alt=\"Couleurkarte aus dem Jahr 1908\" width=\"218\" height=\"340\" \/><\/a><p id=\"caption-attachment-333\" class=\"wp-caption-text\">Couleurkarte aus dem Jahr 1908<\/p><\/div>\n","protected":false},"excerpt":{"rendered":"<p>Wer sind wir? Wo stehen wir? Wir sind eine studentische Burschenschaft in M\u00fcnchen. Gegr\u00fcndet 1893 an der TU M\u00fcnchen, sind wir hervorgegangen aus der studentischen Freiheitsbewegung des fr\u00fchen 19. Jahrhunderts. Daher bekennen wir uns zu den Idealen der demokratischen Freiheiten, wie sie heute in der Verfassung der Bundesrepublik Deutschland niedergeschrieben sind und f\u00fcr deren Verwirklichung [&hellip;]<\/p>\n","protected":false},"author":2,"featured_media":0,"parent":10,"menu_order":5,"comment_status":"closed","ping_status":"closed","template":"custom-home\/\u00dcber Uns (Static).php","meta":{"footnotes":""},"class_list":["post-14","page","type-page","status-publish","hentry"],"_links":{"self":[{"href":"https:\/\/www.mb-stauffia.de\/index.php?rest_route=\/wp\/v2\/pages\/14","targetHints":{"allow":["GET"]}}],"collection":[{"href":"https:\/\/www.mb-stauffia.de\/index.php?rest_route=\/wp\/v2\/pages"}],"about":[{"href":"https:\/\/www.mb-stauffia.de\/index.php?rest_route=\/wp\/v2\/types\/page"}],"author":[{"embeddable":true,"href":"https:\/\/www.mb-stauffia.de\/index.php?rest_route=\/wp\/v2\/users\/2"}],"replies":[{"embeddable":true,"href":"https:\/\/www.mb-stauffia.de\/index.php?rest_route=%2Fwp%2Fv2%2Fcomments&post=14"}],"version-history":[{"count":27,"href":"https:\/\/www.mb-stauffia.de\/index.php?rest_route=\/wp\/v2\/pages\/14\/revisions"}],"predecessor-version":[{"id":1080,"href":"https:\/\/www.mb-stauffia.de\/index.php?rest_route=\/wp\/v2\/pages\/14\/revisions\/1080"}],"up":[{"embeddable":true,"href":"https:\/\/www.mb-stauffia.de\/index.php?rest_route=\/wp\/v2\/pages\/10"}],"wp:attachment":[{"href":"https:\/\/www.mb-stauffia.de\/index.php?rest_route=%2Fwp%2Fv2%2Fmedia&parent=14"}],"curies":[{"name":"wp","href":"https:\/\/api.w.org\/{rel}","templated":true}]}}