{"id":12,"date":"2013-03-16T15:46:21","date_gmt":"2013-03-16T14:46:21","guid":{"rendered":"http:\/\/mb-stauffia.de\/cms\/?page_id=12"},"modified":"2025-10-14T05:21:11","modified_gmt":"2025-10-14T03:21:11","slug":"geschichte","status":"publish","type":"page","link":"https:\/\/www.mb-stauffia.de\/?page_id=12","title":{"rendered":"GESCHICHTE"},"content":{"rendered":"<p style=\"text-align: center;\"><strong>Die Geschichte Stauffias<\/strong><\/p>\n<p style=\"text-align: justify;\">Am 15. Juni 1893 versammelten sich die inaktiven Burschen Lehmann ( Burschenschaft Teutonia Karlsruhe ), Elsner, Volk ( Burschenschaft Germania Karlsruhe ), Sch\u00e4fer ( Burschenschaft Germania Darmstadt ) und Ostner ( Burschenschaft Arminia Karlsruhe ) auf der Studentenbude Sch\u00e4fers. Diese Zusammenkunft entsprach ganz dem Wesen eines Gr\u00fcndungsconvents.<\/p>\n<div id=\"attachment_299\" style=\"width: 258px\" class=\"wp-caption alignleft\"><a href=\"http:\/\/www.mb-stauffia.de\/wp-content\/uploads\/2014\/11\/P1650722.jpg\"><img loading=\"lazy\" decoding=\"async\" aria-describedby=\"caption-attachment-299\" src=\"http:\/\/www.mb-stauffia.de\/wp-content\/uploads\/2014\/11\/P1650722.jpg\" alt=\"Burschenband und Porzellanknopf mit Vollwappen unsers Bundes\" width=\"248\" height=\"186\" \/><\/a><p id=\"caption-attachment-299\" class=\"wp-caption-text\">Burschenband und Porzellanknopf mit Vollwappen unsers Bundes<\/p><\/div>\n<p style=\"text-align: justify;\">Die Versammlung legte die Farben des Bundes mit Schwarz-Wei\u00df-Rot auf goldenem Grund fest.<\/p>\n<p style=\"text-align: justify;\">Diese Farben wurden in Anlehnung an die Farben der Burschenschaft Germania Wien ( schwarz-rot-gold auf wei\u00dfem Grund ), welche mit der Burschenschaft Teutonia Karlsruhe im engen Freundschaftsverh\u00e4ltnis stand. Auch das Fuchsenband wurde in seiner heutigen Zusammenstellung ( rot-wei\u00df-rot auf goldenem Grund ) an diesem Tag bestimmt.<\/p>\n<p style=\"text-align: justify;\">Dieser Tag kann als Gr\u00fcndungstag angesehen werden. Dass das offizielle Gr\u00fcndungsdatum auf einem sp\u00e4teren Zeitpunkt liegt, hat seinen Grund in einer Verz\u00f6gerung des Anerkennungsschreibens des Direktoriums der Technischen Hochschule M\u00fcnchen. Diese Wartezeit war dadurch begr\u00fcndet, dass man die Satzung zur Anerkennung bereits einreichte, anstatt die Leitung der Hochschule nach der Gr\u00fcndung vor vollendete Tatsachen zu stellen.<\/p>\n<div id=\"attachment_297\" style=\"width: 258px\" class=\"wp-caption alignleft\"><a href=\"http:\/\/www.mb-stauffia.de\/wp-content\/uploads\/2014\/11\/P1650723.jpg\"><img loading=\"lazy\" decoding=\"async\" aria-describedby=\"caption-attachment-297\" src=\"http:\/\/www.mb-stauffia.de\/wp-content\/uploads\/2014\/11\/P1650723-500x375.jpg\" alt=\"Historische Couleurgegenst\u00e4nde aus unterschiedlichen Jahrzehnten \" width=\"248\" height=\"186\" \/><\/a><p id=\"caption-attachment-297\" class=\"wp-caption-text\">Historische Couleurgegenst\u00e4nde aus unterschiedlichen Jahrzehnten<\/p><\/div>\n<p style=\"text-align: justify;\">Am 7. November 1893 genehmigte das Direktorium der Technischen Hochschule M\u00fcnchen die Neugr\u00fcndung, und es folgte am 8. November 1893 der erste Convent der M\u00fcnchener Burschenschaft Stauffia.<\/p>\n<p style=\"text-align: justify;\">Die Stauffia ist seit ihrer Gr\u00fcndung eine rein burschenschaftlich ausgerichtete Verbindung und ging nicht erst aus einer anderen akademischen Verbindung hervor wie viele der heutigen Burschenschaften. Somit stand f\u00fcr die Stauffen der urburschenschaftliche Wahlspruch au\u00dfer Frage.<\/p>\n<p style=\"text-align: justify;\">Das Bundesleben der Burschenschaft Stauffia als studentische Korporation ist daher nach den Grunds\u00e4tzen der Deutschen Burschenschaft ausgerichtet, welche in dem Wahlspruch <strong>Ehre &#8211; Freiheit &#8211; Vaterland <\/strong>zusammengefasst sind.<\/p>\n<p style=\"text-align: justify;\">Bei diesen Begriffen handelt es sich nach dem Verst\u00e4ndnis der Burschenschaft Stauffia nicht um leere Worth\u00fclsen. Sie sind zugleich Sinnbild und innere Verpflichtung f\u00fcr die Haltung jedes einzelnen Bundesbruders.<\/p>\n<p style=\"text-align: justify;\">Wo immer er sich aufh\u00e4lt, kennzeichnen sie das Bild, das sich seine Umwelt von ihm formt.<\/p>\n<p style=\"text-align: justify;\">Diese Begriffe sind dem Wandel der Anschauungen und Gef\u00fchle nur in begrenztem Umfang ausgesetzt. Das bedeutet jedoch, dass sie keine sterile Tradition, sondern eine \u00a0mit dem Wandel der Zeit, st\u00e4ndig mitwachsende und sich bew\u00e4hrende Verpflichtung f\u00fcr jeden Bundesbruder ist.<\/p>\n<p style=\"text-align: justify;\">Jeder Bundesbruder hat bei seiner Burschung dem Sprecher ehrenw\u00f6rtlich in die Hand versprochen, zeitlebens sein Tun und Denken den Begriffen Ehre, Freiheit, Vaterland unterzuordnen. Dies macht es ihm zur Pflicht, dass er jederzeit bereit sein muss, nach dem Inhalt dieser Begriffe sein Leben &#8211; unabh\u00e4ngig davon, in welcher beruflichen oder gesellschaftlichen Position er sich befindet &#8211; einzurichten.<\/p>\n<p style=\"text-align: justify;\">Damit steht der Bundesbruder nicht allein. Vor, neben und hinter sich wei\u00df er die anderen Bundesbr\u00fcder, die alle in der Generationsfolge von der bundesbr\u00fcderlichen Gemeinschaft gepr\u00e4gt wurden und f\u00fcr die Ehre, die Freiheit und ihr Vaterland einstehen<\/p>\n<div id=\"attachment_302\" style=\"width: 333px\" class=\"wp-caption aligncenter\"><a href=\"http:\/\/www.mb-stauffia.de\/wp-content\/uploads\/2014\/11\/Couleurkarte.jpg\"><img loading=\"lazy\" decoding=\"async\" aria-describedby=\"caption-attachment-302\" src=\"http:\/\/www.mb-stauffia.de\/wp-content\/uploads\/2014\/11\/Couleurkarte.jpg\" alt=\"Couleurkarte mit dem Wahlspruch. Im Hintergrund die Wartburg.\" width=\"323\" height=\"494\" \/><\/a><p id=\"caption-attachment-302\" class=\"wp-caption-text\">Couleurkarte mit dem Wahlspruch.<br \/>Im Hintergrund die Wartburg.<\/p><\/div>\n<p style=\"text-align: center;\"><strong>Bilder zum geschichtlichen Hintergrund unserer Burschenschaft<\/strong><\/p>\n\n\t\t<style type=\"text\/css\">\n\t\t\t#gallery-1 {\n\t\t\t\tmargin: auto;\n\t\t\t}\n\t\t\t#gallery-1 .gallery-item {\n\t\t\t\tfloat: left;\n\t\t\t\tmargin-top: 10px;\n\t\t\t\ttext-align: center;\n\t\t\t\twidth: 100%;\n\t\t\t}\n\t\t\t#gallery-1 img {\n\t\t\t\tborder: 2px solid #cfcfcf;\n\t\t\t}\n\t\t\t#gallery-1 .gallery-caption {\n\t\t\t\tmargin-left: 0;\n\t\t\t}\n\t\t\t\/* see gallery_shortcode() in wp-includes\/media.php *\/\n\t\t<\/style>\n\t\t<div id='gallery-1' class='gallery galleryid-12 gallery-columns-1 gallery-size-thumbnail'><dl class='gallery-item'>\n\t\t\t<dt class='gallery-icon landscape'>\n\t\t\t\t<img loading=\"lazy\" decoding=\"async\" width=\"150\" height=\"150\" src=\"https:\/\/www.mb-stauffia.de\/wp-content\/uploads\/2014\/05\/Ansicht_Muenchen-150x150.jpg\" class=\"attachment-thumbnail size-thumbnail\" alt=\"\" aria-describedby=\"gallery-1-239\" \/>\n\t\t\t<\/dt>\n\t\t\t\t<dd class='wp-caption-text gallery-caption' id='gallery-1-239'>\n\t\t\t\tIm Jahr 1826 wurde die Bayrische Universtit\u00e4t von Landshut nach M\u00fcnchen verlegt. Seither haben sich in bayerns Musenstadt viele Korporationen verschiedenster Dachverb\u00e4nde etabliert. \n\t\t\t\t<\/dd><\/dl><br style=\"clear: both\" \/><dl class='gallery-item'>\n\t\t\t<dt class='gallery-icon landscape'>\n\t\t\t\t<img loading=\"lazy\" decoding=\"async\" width=\"150\" height=\"150\" src=\"https:\/\/www.mb-stauffia.de\/wp-content\/uploads\/2014\/05\/Universitaet-150x150.jpg\" class=\"attachment-thumbnail size-thumbnail\" alt=\"\" aria-describedby=\"gallery-1-248\" \/>\n\t\t\t<\/dt>\n\t\t\t\t<dd class='wp-caption-text gallery-caption' id='gallery-1-248'>\n\t\t\t\tLudwigstrasse mit Universit\u00e4t und Universit\u00e4tskirche. Litographie von Gustav Kraus um 1840. \n\t\t\t\t<\/dd><\/dl><br style=\"clear: both\" \/><dl class='gallery-item'>\n\t\t\t<dt class='gallery-icon landscape'>\n\t\t\t\t<img loading=\"lazy\" decoding=\"async\" width=\"150\" height=\"150\" src=\"https:\/\/www.mb-stauffia.de\/wp-content\/uploads\/2014\/05\/Studentenkneipe-150x150.jpg\" class=\"attachment-thumbnail size-thumbnail\" alt=\"\" aria-describedby=\"gallery-1-247\" \/>\n\t\t\t<\/dt>\n\t\t\t\t<dd class='wp-caption-text gallery-caption' id='gallery-1-247'>\n\t\t\t\tBayerische Studentenkneipe um 1840. Quelle: <a href=\"http:\/\/www.hochschulkunde.uni-wuerzburg.de\/\">Institut f\u00fcr Hochschulkunde<\/a>\n\t\t\t\t<\/dd><\/dl><br style=\"clear: both\" \/><dl class='gallery-item'>\n\t\t\t<dt class='gallery-icon landscape'>\n\t\t\t\t<img loading=\"lazy\" decoding=\"async\" width=\"150\" height=\"150\" src=\"https:\/\/www.mb-stauffia.de\/wp-content\/uploads\/2014\/05\/Wartburgfest-150x150.jpg\" class=\"attachment-thumbnail size-thumbnail\" alt=\"\" aria-describedby=\"gallery-1-250\" \/>\n\t\t\t<\/dt>\n\t\t\t\t<dd class='wp-caption-text gallery-caption' id='gallery-1-250'>\n\t\t\t\tAnl\u00e4sslich des 300. Jahrestages des Beginns der Reformation und des 4. Jahrestages der V\u00f6lkerschlacht bei Leipzig trafen sich Studenten, darunter viele Burschenschafter, verschiedener deutscher Universit\u00e4ten am 18. Oktober 1817 auf der Wartburg bei Eisenach in Th\u00fcringen. Die Versammlung der ca. 500 Studenten und einiger Professoren war eine Protestkundgebung gegen reaktion\u00e4re Politik und Kleinstaaterei und f\u00fcr einen Nationalstaat mit einer eigenen Verfassung.\nQuelle: Bildarchiv preussischer Kulturbesitz\n\n\t\t\t\t<\/dd><\/dl><br style=\"clear: both\" \/><dl class='gallery-item'>\n\t\t\t<dt class='gallery-icon landscape'>\n\t\t\t\t<img loading=\"lazy\" decoding=\"async\" width=\"150\" height=\"150\" src=\"https:\/\/www.mb-stauffia.de\/wp-content\/uploads\/2014\/05\/Hambacher_Fest-150x150.jpg\" class=\"attachment-thumbnail size-thumbnail\" alt=\"\" aria-describedby=\"gallery-1-244\" \/>\n\t\t\t<\/dt>\n\t\t\t\t<dd class='wp-caption-text gallery-caption' id='gallery-1-244'>\n\t\t\t\tDas Hambacher Fest fand vom 27. Mai bis 1. Juni 1832 auf dem Hambacher Schloss statt. Es gilt als H\u00f6hepunkt burgerlicher Opposition in der Zeit der Restauration und zu beginn des Vorm\u00e4rz. Die Forderungen der Festteilnehmer nach nationaler Einheit, Freiheit und Volkssouver\u00e4nit\u00e4t hatten ihre Wurzeln im Wiederstand gegen die restaurativen Bem\u00fchungen des Deutschen Bundes.\n\nIn der Satzung der Burschenschaft Stauffia ist der Einsatz f\u00fcr eine vereinigtes Europa in der Gemeinschaft freier V\u00f6lker verankert.\n\t\t\t\t<\/dd><\/dl><br style=\"clear: both\" \/><dl class='gallery-item'>\n\t\t\t<dt class='gallery-icon landscape'>\n\t\t\t\t<img loading=\"lazy\" decoding=\"async\" width=\"150\" height=\"150\" src=\"https:\/\/www.mb-stauffia.de\/wp-content\/uploads\/2014\/05\/Frankfurter_Wachensturm-150x150.jpg\" class=\"attachment-thumbnail size-thumbnail\" alt=\"\" aria-describedby=\"gallery-1-241\" \/>\n\t\t\t<\/dt>\n\t\t\t\t<dd class='wp-caption-text gallery-caption' id='gallery-1-241'>\n\t\t\t\tDer Frankfurter Wachensturm vom 3. April 1833 war der gescheiterte Versuch von etwa 100 Aufst\u00e4ndischen, darunter etliche Burschenschafter.\n\t\t\t\t<\/dd><\/dl><br style=\"clear: both\" \/><dl class='gallery-item'>\n\t\t\t<dt class='gallery-icon portrait'>\n\t\t\t\t<img loading=\"lazy\" decoding=\"async\" width=\"150\" height=\"150\" src=\"https:\/\/www.mb-stauffia.de\/wp-content\/uploads\/2014\/05\/Goettinger_Sieben-150x150.jpg\" class=\"attachment-thumbnail size-thumbnail\" alt=\"\" aria-describedby=\"gallery-1-243\" \/>\n\t\t\t<\/dt>\n\t\t\t\t<dd class='wp-caption-text gallery-caption' id='gallery-1-243'>\n\t\t\t\tDie G\u00f6ttiger Sieben protestierten 1838 gegen die Aufhebung der Verfassung im K\u00f6nigreich Hannover. Sie konnten diesen Verfassungsbruch mit Ihrem Gewissen, ihren rechtsstaatlichen \u00dcberzeugungen und ihrere Ehre als Universit\u00e4tsleher nichr vereinbaren. Aufgrund ihres Protestes wurden sie irhes Amtes enthoben und des Landes verwiesen.\n\t\t\t\t<\/dd><\/dl><br style=\"clear: both\" \/><dl class='gallery-item'>\n\t\t\t<dt class='gallery-icon portrait'>\n\t\t\t\t<img loading=\"lazy\" decoding=\"async\" width=\"150\" height=\"150\" src=\"https:\/\/www.mb-stauffia.de\/wp-content\/uploads\/2014\/05\/Germania-150x150.jpg\" class=\"attachment-thumbnail size-thumbnail\" alt=\"\" aria-describedby=\"gallery-1-242\" \/>\n\t\t\t<\/dt>\n\t\t\t\t<dd class='wp-caption-text gallery-caption' id='gallery-1-242'>\n\t\t\t\tAuf dem Gem\u00e4lde von Philipp Veit tr\u00e4gt die Personifikation Germania einen Eichenlaubkranz (Treue), das Reichsschwert (Wehrhaftigkeit), einen um das Schwert gelegten \u00d6l- oder Hanfzweig (Friedensliebe) und die Deutsche Fahne (Einheit), deren Farbgebung Schwart-Rot-Gold auf die Urburschenschaftliche Bewegung zur\u00fcckgeht. \nAuf Germanias Brust ist der Doppeladler in Gold auf Schwarz des Heiligen R\u00f6mischen Reiches Deutscher Nation abgebildet, der seit der Regierungszeit Kaiser Sigismunds in der Form verwendet wurde. Die hinter ihr aufgehende Sonne soll eine neue Zeit symbolisieren und ihr Blick sei in eine unbestimmte Zukunft gerichtet. Links befinden sich zu ihren F\u00fc\u00dfen gesprengte Fesseln, ein Symbol f\u00fcr die Freiheit.\n\t\t\t\t<\/dd><\/dl><br style=\"clear: both\" \/><dl class='gallery-item'>\n\t\t\t<dt class='gallery-icon landscape'>\n\t\t\t\t<img loading=\"lazy\" decoding=\"async\" width=\"150\" height=\"150\" src=\"https:\/\/www.mb-stauffia.de\/wp-content\/uploads\/2014\/05\/Paulskirche-150x150.jpg\" class=\"attachment-thumbnail size-thumbnail\" alt=\"\" aria-describedby=\"gallery-1-245\" \/>\n\t\t\t<\/dt>\n\t\t\t\t<dd class='wp-caption-text gallery-caption' id='gallery-1-245'>\n\t\t\t\tErstes deutsches Parlament in der Paulskirche zu Frankfurt\/Main, sog. &#8222;Burschenschafterparlament&#8220;, da viele Abgeordnete Burschenschafter waren oder der burschenschaftlichen Bewegung nahestanden.\nIm Hintergrund eine gro\u00dfes Gem\u00e4lder Germania mit den Farben der Revolution von 1848: Schwarz &#8211; Rot &#8211; Gold\n\t\t\t\t<\/dd><\/dl><br style=\"clear: both\" \/><dl class='gallery-item'>\n\t\t\t<dt class='gallery-icon landscape'>\n\t\t\t\t<img loading=\"lazy\" decoding=\"async\" width=\"150\" height=\"150\" src=\"https:\/\/www.mb-stauffia.de\/wp-content\/uploads\/2014\/05\/Semsterbild_Stauffia-150x150.jpg\" class=\"attachment-thumbnail size-thumbnail\" alt=\"\" aria-describedby=\"gallery-1-246\" \/>\n\t\t\t<\/dt>\n\t\t\t\t<dd class='wp-caption-text gallery-caption' id='gallery-1-246'>\n\t\t\t\tIm Jahr 1893 wurde die M\u00fcnchener Burschenschaft Stauffia an der Technischen Hochschule (jetzt TU) offiziel zugelassen. Die M\u00fcnchener Burschenschaft Stauffia steht in der der Tradition der Jenaer <a href=\"http:\/\/de.wikipedia.org\/wiki\/Urburschenschaft\">Urburschenschaften<\/a> von 1815. Wir vertreten eine konservativ-liberale Grundrichtung und lehnen jegliches extremistische Gedankengut ab.\nSemesterbild der Burschenschaft Stauffia um 1900 mit unserem Bundesbruder <a href=\"http:\/\/de.wikipedia.org\/wiki\/Karl_Meitinger\">Karl Meitinger<\/a>\n\n\t\t\t\t<\/dd><\/dl><br style=\"clear: both\" \/><dl class='gallery-item'>\n\t\t\t<dt class='gallery-icon portrait'>\n\t\t\t\t<img loading=\"lazy\" decoding=\"async\" width=\"150\" height=\"150\" src=\"https:\/\/www.mb-stauffia.de\/wp-content\/uploads\/2014\/11\/Gefallene1-150x150.jpg\" class=\"attachment-thumbnail size-thumbnail\" alt=\"\" aria-describedby=\"gallery-1-327\" \/>\n\t\t\t<\/dt>\n\t\t\t\t<dd class='wp-caption-text gallery-caption' id='gallery-1-327'>\n\t\t\t\tDie im 1. Weltkrieg gefallenen Bundesbr\u00fcder\n\t\t\t\t<\/dd><\/dl><br style=\"clear: both\" \/><dl class='gallery-item'>\n\t\t\t<dt class='gallery-icon portrait'>\n\t\t\t\t<img loading=\"lazy\" decoding=\"async\" width=\"150\" height=\"150\" src=\"https:\/\/www.mb-stauffia.de\/wp-content\/uploads\/2014\/11\/Geschichte-150x150.jpg\" class=\"attachment-thumbnail size-thumbnail\" alt=\"\" aria-describedby=\"gallery-1-328\" \/>\n\t\t\t<\/dt>\n\t\t\t\t<dd class='wp-caption-text gallery-caption' id='gallery-1-328'>\n\t\t\t\tErste gedruckte Geschichte der Stauffia aus dem Jahr 1923\n\t\t\t\t<\/dd><\/dl><br style=\"clear: both\" \/><dl class='gallery-item'>\n\t\t\t<dt class='gallery-icon portrait'>\n\t\t\t\t<img loading=\"lazy\" decoding=\"async\" width=\"150\" height=\"150\" src=\"https:\/\/www.mb-stauffia.de\/wp-content\/uploads\/2014\/05\/Voelkischer_Beobachter-150x150.jpg\" class=\"attachment-thumbnail size-thumbnail\" alt=\"\" aria-describedby=\"gallery-1-249\" \/>\n\t\t\t<\/dt>\n\t\t\t\t<dd class='wp-caption-text gallery-caption' id='gallery-1-249'>\n\t\t\t\tKarikatur, erschienen im V\u00f6lkischen Beobachter mit diffamierender Aussage.\n<a href=\"http:\/\/de.wikipedia.org\/wiki\/Geschichte_der_Studentenverbindungen#Drittes_Reich\">Verbot aller Korporationen durch die Nationalsozialisten seit 1938.<\/a> \n\nDie Burschenschaft Stauffia bedauert in diesem Zusammenhang die zeitweise polarisierende Berichterstattung \u00fcber Korporationen wie sie aktuell in verschiedenen Medien wieder zu beobachten ist. \n\nDie M\u00fcnchener Burschenschaft Stauffia distanziert sich von jeglichem extremistischen Gedankengut.\n\t\t\t\t<\/dd><\/dl><br style=\"clear: both\" \/><dl class='gallery-item'>\n\t\t\t<dt class='gallery-icon portrait'>\n\t\t\t\t<img loading=\"lazy\" decoding=\"async\" width=\"150\" height=\"150\" src=\"https:\/\/www.mb-stauffia.de\/wp-content\/uploads\/2014\/05\/BBL-150x150.jpg\" class=\"attachment-thumbnail size-thumbnail\" alt=\"\" aria-describedby=\"gallery-1-240\" \/>\n\t\t\t<\/dt>\n\t\t\t\t<dd class='wp-caption-text gallery-caption' id='gallery-1-240'>\n\t\t\t\tDie Deutsche Burschenschaft hat sich bereits vor dem Mauerbau konsequent f\u00fcr eine Wiedervereinigung der beiden deutschen Staaten eingesetzt. \nBis zur Wiedervereinigung hatt die Deutsche Burschenschaft j\u00e4hrlich der Mauertoten in Berlin gedacht.\n\t\t\t\t<\/dd><\/dl><br style=\"clear: both\" \/>\n\t\t<\/div>\n\n","protected":false},"excerpt":{"rendered":"<p>Die Geschichte Stauffias Am 15. Juni 1893 versammelten sich die inaktiven Burschen Lehmann ( Burschenschaft Teutonia Karlsruhe ), Elsner, Volk ( Burschenschaft Germania Karlsruhe ), Sch\u00e4fer ( Burschenschaft Germania Darmstadt ) und Ostner ( Burschenschaft Arminia Karlsruhe ) auf der Studentenbude Sch\u00e4fers. Diese Zusammenkunft entsprach ganz dem Wesen eines Gr\u00fcndungsconvents. Die Versammlung legte die Farben [&hellip;]<\/p>\n","protected":false},"author":2,"featured_media":0,"parent":10,"menu_order":4,"comment_status":"closed","ping_status":"closed","template":"custom-home\/\u00dcber Uns (Static).php","meta":{"footnotes":""},"class_list":["post-12","page","type-page","status-publish","hentry"],"_links":{"self":[{"href":"https:\/\/www.mb-stauffia.de\/index.php?rest_route=\/wp\/v2\/pages\/12","targetHints":{"allow":["GET"]}}],"collection":[{"href":"https:\/\/www.mb-stauffia.de\/index.php?rest_route=\/wp\/v2\/pages"}],"about":[{"href":"https:\/\/www.mb-stauffia.de\/index.php?rest_route=\/wp\/v2\/types\/page"}],"author":[{"embeddable":true,"href":"https:\/\/www.mb-stauffia.de\/index.php?rest_route=\/wp\/v2\/users\/2"}],"replies":[{"embeddable":true,"href":"https:\/\/www.mb-stauffia.de\/index.php?rest_route=%2Fwp%2Fv2%2Fcomments&post=12"}],"version-history":[{"count":48,"href":"https:\/\/www.mb-stauffia.de\/index.php?rest_route=\/wp\/v2\/pages\/12\/revisions"}],"predecessor-version":[{"id":1084,"href":"https:\/\/www.mb-stauffia.de\/index.php?rest_route=\/wp\/v2\/pages\/12\/revisions\/1084"}],"up":[{"embeddable":true,"href":"https:\/\/www.mb-stauffia.de\/index.php?rest_route=\/wp\/v2\/pages\/10"}],"wp:attachment":[{"href":"https:\/\/www.mb-stauffia.de\/index.php?rest_route=%2Fwp%2Fv2%2Fmedia&parent=12"}],"curies":[{"name":"wp","href":"https:\/\/api.w.org\/{rel}","templated":true}]}}