{"id":114,"date":"2013-03-19T17:10:50","date_gmt":"2013-03-19T16:10:50","guid":{"rendered":"http:\/\/mb-stauffia.de\/cms\/?page_id=114"},"modified":"2025-10-14T05:23:04","modified_gmt":"2025-10-14T03:23:04","slug":"impressum","status":"publish","type":"page","link":"https:\/\/www.mb-stauffia.de\/?page_id=114","title":{"rendered":"IMPRESSUM"},"content":{"rendered":"<p><strong>Impressum<\/strong><\/p>\n<p>Diese Internetseite wird herausgegeben durch die M\u00fcnchener Burschenschaft Stauffia, vertreten durch den Sprecher des jeweiligen Semesters.<\/p>\n<p>M\u00fcnchener Burschenschaft Stauffia<br \/>\nStollbergstr. 16<br \/>\n80539 M\u00fcnchen<\/p>\n<p>Telefon: 089 \/ 29 39 60<\/p>\n<p><strong>Gesetzlicher Hinweis<\/strong><\/p>\n<p>Mit Urteil vom 12. Mai 1998 hat das Landgericht Hamburg entschieden, da\u00df der Betreiber einer Internetseite durch die Anbringung eines Links (Verweis im Internet) die Inhalte der gelinkten Seite ggf. mit zu verantworten hat. Dies kann, so das Landgericht Hamburg, nur dadurch verhindert werden, da\u00df der Betreiber sich ausdr\u00fccklich von diesen Inhalten distanziert. Auf der Internetseite der M\u00fcnchener Burschenschaft Stauffia sind Verweise zu anderen Seiten im Internet gelegt. F\u00fcr alle diese Verweise gilt, da\u00df die M\u00fcnchener Burschenschaft Stauffia hiermit ausdr\u00fccklich erkl\u00e4rt, da\u00df sie keinerlei Einflu\u00df auf die Gestaltung und die Inhalte der gelinkten Seiten hat und sie sich deshalb von allen Inhalten der gelinkten Seiten distanziert. Diese Erkl\u00e4rung gilt f\u00fcr alle auf der Internetseite der M\u00fcnchener Burschenschaft Stauffia angezeigten Verweise und f\u00fcr alle Inhalte der Seiten, zu denen hier ggf. geschaltete Werbebanner f\u00fchren.<\/p>\n<p>Der Inhalt dieser Website ist urheberrechtlich gesch\u00fctzt. Die Vervielf\u00e4ltigung oder Verbreitung der hier bereitgestellten Texte bedarf der vorherigen schriftlichen Genehmigung der M\u00fcnchener Burschenschaft Stauffia.<\/p>\n<p>Diese Website benutzt Google Analytics, einen Webanalysedienst der Google Inc. (\u201eGoogle\u201c). Google Analytics verwendet sog. \u201eCookies\u201c, Textdateien, die auf Ihrem Computer gespeichert werden und die eine Analyse der Benutzung der Website durch Sie erm\u00f6glichen. Die durch den Cookie erzeugten Informationen \u00fcber Ihre Benutzung dieser Website werden in der Regel an einen Server von Google in den USA \u00fcbertragen und dort gespeichert. Im Falle der Aktivierung der IP-Anonymisierung auf dieser Webseite, wird Ihre IP-Adresse von Google jedoch innerhalb von Mitgliedstaaten der Europ\u00e4ischen Union oder in anderen Vertragsstaaten des Abkommens \u00fcber den Europ\u00e4ischen Wirtschaftsraum zuvor gek\u00fcrzt. Nur in Ausnahmef\u00e4llen wird die volle IP-Adresse an einen Server von Google in den USA \u00fcbertragen und dort gek\u00fcrzt. Die IP-Anonymisierung ist auf dieser Website aktiv. Im Auftrag des Betreibers dieser Website wird Google diese Informationen benutzen, um Ihre Nutzung der Website auszuwerten, um Reports \u00fcber die Websiteaktivit\u00e4ten zusammenzustellen und um weitere mit der Websitenutzung und der Internetnutzung verbundene Dienstleistungen gegen\u00fcber dem Websitebetreiber zu erbringen. Die im Rahmen von Google Analytics von Ihrem Browser \u00fcbermittelte IP-Adresse wird nicht mit anderen Daten von Google zusammengef\u00fchrt. Sie k\u00f6nnen die Speicherung der Cookies durch eine entsprechende Einstellung Ihrer Browser-Software verhindern; wir weisen Sie jedoch darauf hin, dass Sie in diesem Fall gegebenenfalls nicht s\u00e4mtliche Funktionen dieser Website vollumf\u00e4nglich werden nutzen k\u00f6nnen. Sie k\u00f6nnen dar\u00fcber hinaus die Erfassung der durch das Cookie erzeugten und auf Ihre Nutzung der Website bezogenen Daten (inkl. Ihrer IP-Adresse) an Google sowie die Verarbeitung dieser Daten durch Google verhindern, indem sie das unter dem folgenden Link verf\u00fcgbare Browser-Plugin herunterladen und installieren: http:\/\/tools.google.com\/dlpage\/gaoptout?hl=de.<\/p>\n","protected":false},"excerpt":{"rendered":"<p>Impressum Diese Internetseite wird herausgegeben durch die M\u00fcnchener Burschenschaft Stauffia, vertreten durch den Sprecher des jeweiligen Semesters. M\u00fcnchener Burschenschaft Stauffia Stollbergstr. 16 80539 M\u00fcnchen Telefon: 089 \/ 29 39 60 Gesetzlicher Hinweis Mit Urteil vom 12. Mai 1998 hat das Landgericht Hamburg entschieden, da\u00df der Betreiber einer Internetseite durch die Anbringung eines Links (Verweis im [&hellip;]<\/p>\n","protected":false},"author":2,"featured_media":0,"parent":0,"menu_order":7,"comment_status":"closed","ping_status":"closed","template":"custom-home\/\u00dcber Uns (Static).php","meta":{"footnotes":""},"class_list":["post-114","page","type-page","status-publish","hentry"],"_links":{"self":[{"href":"https:\/\/www.mb-stauffia.de\/index.php?rest_route=\/wp\/v2\/pages\/114","targetHints":{"allow":["GET"]}}],"collection":[{"href":"https:\/\/www.mb-stauffia.de\/index.php?rest_route=\/wp\/v2\/pages"}],"about":[{"href":"https:\/\/www.mb-stauffia.de\/index.php?rest_route=\/wp\/v2\/types\/page"}],"author":[{"embeddable":true,"href":"https:\/\/www.mb-stauffia.de\/index.php?rest_route=\/wp\/v2\/users\/2"}],"replies":[{"embeddable":true,"href":"https:\/\/www.mb-stauffia.de\/index.php?rest_route=%2Fwp%2Fv2%2Fcomments&post=114"}],"version-history":[{"count":9,"href":"https:\/\/www.mb-stauffia.de\/index.php?rest_route=\/wp\/v2\/pages\/114\/revisions"}],"predecessor-version":[{"id":1085,"href":"https:\/\/www.mb-stauffia.de\/index.php?rest_route=\/wp\/v2\/pages\/114\/revisions\/1085"}],"wp:attachment":[{"href":"https:\/\/www.mb-stauffia.de\/index.php?rest_route=%2Fwp%2Fv2%2Fmedia&parent=114"}],"curies":[{"name":"wp","href":"https:\/\/api.w.org\/{rel}","templated":true}]}}